{"id":21,"date":"2020-09-03T15:17:22","date_gmt":"2020-09-03T15:17:22","guid":{"rendered":"https:\/\/vitalknowledge.com.br\/lp\/?page_id=21"},"modified":"2023-04-24T15:25:23","modified_gmt":"2023-04-24T15:25:23","slug":"demo-pos-nutricao-inscricao","status":"publish","type":"page","link":"https:\/\/vitalknowledge.com.br\/lp\/demo-pos-nutricao-inscricao\/","title":{"rendered":"[DEMO] Demonstrativo p\u00f3s Nutri\u00e7\u00e3o &#8211; Inscri\u00e7\u00e3o"},"content":{"rendered":"\t\t<div data-elementor-type=\"wp-page\" data-elementor-id=\"21\" class=\"elementor elementor-21\">\n\t\t\t\t\t\t<div data-ka-cursor-size=\"1\" class=\"elementor-section elementor-top-section elementor-element elementor-element-2f050616 elementor-section-height-min-height elementor-section-content-middle elementor-section-boxed elementor-section-height-default elementor-section-items-middle exad-glass-effect-no exad-sticky-section-no\" data-id=\"2f050616\" data-element_type=\"section\" data-settings=\"{&quot;background_background&quot;:&quot;classic&quot;,&quot;kng_cursor_interaction&quot;:&quot;default&quot;,&quot;kng_cursor_magnetic&quot;:&quot;none&quot;,&quot;kng_cursor_size_multiplier&quot;:{&quot;unit&quot;:&quot;px&quot;,&quot;size&quot;:1,&quot;sizes&quot;:[]}}\">\n\t\t\t\t\t\t<div class=\"elementor-container elementor-column-gap-narrow\">\n\t\t\t\t\t<div data-ka-cursor-size=\"1\" class=\"elementor-column elementor-col-50 elementor-top-column elementor-element elementor-element-17e77175 exad-glass-effect-no exad-sticky-section-no\" data-id=\"17e77175\" data-element_type=\"column\" data-settings=\"{&quot;background_background&quot;:&quot;classic&quot;,&quot;kng_cursor_interaction&quot;:&quot;default&quot;,&quot;kng_cursor_magnetic&quot;:&quot;none&quot;,&quot;kng_cursor_size_multiplier&quot;:{&quot;unit&quot;:&quot;px&quot;,&quot;size&quot;:1,&quot;sizes&quot;:[]}}\">\n\t\t\t<div class=\"elementor-widget-wrap elementor-element-populated\">\n\t\t\t\t\t\t<div data-ka-cursor-size=\"1\" class=\"elementor-element elementor-element-b94b1a7 exad-sticky-section-no exad-glass-effect-no elementor-widget elementor-widget-image\" data-id=\"b94b1a7\" data-element_type=\"widget\" data-settings=\"{&quot;kng_cursor_interaction&quot;:&quot;default&quot;,&quot;kng_cursor_magnetic&quot;:&quot;none&quot;,&quot;kng_cursor_size_multiplier&quot;:{&quot;unit&quot;:&quot;px&quot;,&quot;size&quot;:1,&quot;sizes&quot;:[]}}\" data-widget_type=\"image.default\">\n\t\t\t\t\t\t\t\t\t\t\t\t\t\t\t<img fetchpriority=\"high\" decoding=\"async\" width=\"625\" height=\"248\" src=\"https:\/\/vitalknowledge.com.br\/lp\/wp-content\/uploads\/2020\/09\/Logo-Vital-Ead.jpg\" class=\"attachment-full size-full wp-image-83\" alt=\"\" srcset=\"https:\/\/vitalknowledge.com.br\/lp\/wp-content\/uploads\/2020\/09\/Logo-Vital-Ead.jpg 625w, https:\/\/vitalknowledge.com.br\/lp\/wp-content\/uploads\/2020\/09\/Logo-Vital-Ead-300x119.jpg 300w\" sizes=\"(max-width: 625px) 100vw, 625px\" \/>\t\t\t\t\t\t\t\t\t\t\t\t\t\t\t<\/div>\n\t\t\t\t\t<\/div>\n\t\t<\/div>\n\t\t\t\t<div data-ka-cursor-size=\"1\" class=\"elementor-column elementor-col-50 elementor-top-column elementor-element elementor-element-843df52 exad-glass-effect-no exad-sticky-section-no\" data-id=\"843df52\" data-element_type=\"column\" data-settings=\"{&quot;background_background&quot;:&quot;classic&quot;,&quot;kng_cursor_interaction&quot;:&quot;default&quot;,&quot;kng_cursor_magnetic&quot;:&quot;none&quot;,&quot;kng_cursor_size_multiplier&quot;:{&quot;unit&quot;:&quot;px&quot;,&quot;size&quot;:1,&quot;sizes&quot;:[]}}\">\n\t\t\t<div class=\"elementor-widget-wrap elementor-element-populated\">\n\t\t\t\t\t\t<div data-ka-cursor-size=\"1\" class=\"elementor-element elementor-element-718f0d44 exad-sticky-section-no exad-glass-effect-no elementor-widget elementor-widget-heading\" data-id=\"718f0d44\" data-element_type=\"widget\" data-settings=\"{&quot;kng_cursor_interaction&quot;:&quot;default&quot;,&quot;kng_cursor_magnetic&quot;:&quot;none&quot;,&quot;kng_cursor_size_multiplier&quot;:{&quot;unit&quot;:&quot;px&quot;,&quot;size&quot;:1,&quot;sizes&quot;:[]}}\" data-widget_type=\"heading.default\">\n\t\t\t\t\t<h2 class=\"elementor-heading-title elementor-size-default\">P\u00f3s-gradua\u00e7\u00e3o EaD em Nutri\u00e7\u00e3o Oncol\u00f3gica <\/h2>\t\t\t\t<\/div>\n\t\t\t\t<div data-ka-cursor-size=\"1\" class=\"elementor-element elementor-element-5c46536c exad-sticky-section-no exad-glass-effect-no elementor-widget elementor-widget-heading\" data-id=\"5c46536c\" data-element_type=\"widget\" data-settings=\"{&quot;kng_cursor_interaction&quot;:&quot;default&quot;,&quot;kng_cursor_magnetic&quot;:&quot;none&quot;,&quot;kng_cursor_size_multiplier&quot;:{&quot;unit&quot;:&quot;px&quot;,&quot;size&quot;:1,&quot;sizes&quot;:[]}}\" data-widget_type=\"heading.default\">\n\t\t\t\t\t<h2 class=\"elementor-heading-title elementor-size-default\">Torne-se um NUTRICIONISTA ONCOL\u00d3GICO DE EXCEL\u00caNCIA!<\/h2>\t\t\t\t<\/div>\n\t\t\t\t<div data-ka-cursor-size=\"1\" class=\"elementor-element elementor-element-3892691 exad-sticky-section-no exad-glass-effect-no elementor-widget elementor-widget-heading\" data-id=\"3892691\" data-element_type=\"widget\" data-settings=\"{&quot;kng_cursor_interaction&quot;:&quot;default&quot;,&quot;kng_cursor_magnetic&quot;:&quot;none&quot;,&quot;kng_cursor_size_multiplier&quot;:{&quot;unit&quot;:&quot;px&quot;,&quot;size&quot;:1,&quot;sizes&quot;:[]}}\" data-widget_type=\"heading.default\">\n\t\t\t\t\t<h2 class=\"elementor-heading-title elementor-size-default\">*** Reconhecida pelo MEC ***<\/h2>\t\t\t\t<\/div>\n\t\t\t\t\t<\/div>\n\t\t<\/div>\n\t\t\t\t\t<\/div>\n\t\t<\/div>\n\t\t\t\t<div data-ka-cursor-size=\"1\" class=\"elementor-section elementor-top-section elementor-element elementor-element-390a1548 elementor-section-height-min-height elementor-section-items-top elementor-section-content-top elementor-section-boxed elementor-section-height-default exad-glass-effect-no exad-sticky-section-no\" data-id=\"390a1548\" data-element_type=\"section\" data-settings=\"{&quot;background_background&quot;:&quot;classic&quot;,&quot;kng_cursor_interaction&quot;:&quot;default&quot;,&quot;kng_cursor_magnetic&quot;:&quot;none&quot;,&quot;kng_cursor_size_multiplier&quot;:{&quot;unit&quot;:&quot;px&quot;,&quot;size&quot;:1,&quot;sizes&quot;:[]}}\">\n\t\t\t\t\t\t\t<div class=\"elementor-background-overlay\"><\/div>\n\t\t\t\t\t\t\t<div class=\"elementor-container elementor-column-gap-no\">\n\t\t\t\t\t<div data-ka-cursor-size=\"1\" class=\"elementor-column elementor-col-50 elementor-top-column elementor-element elementor-element-6a4c4fb9 exad-glass-effect-no exad-sticky-section-no\" data-id=\"6a4c4fb9\" data-element_type=\"column\" data-settings=\"{&quot;background_background&quot;:&quot;classic&quot;,&quot;kng_cursor_interaction&quot;:&quot;default&quot;,&quot;kng_cursor_magnetic&quot;:&quot;none&quot;,&quot;kng_cursor_size_multiplier&quot;:{&quot;unit&quot;:&quot;px&quot;,&quot;size&quot;:1,&quot;sizes&quot;:[]}}\">\n\t\t\t<div class=\"elementor-widget-wrap elementor-element-populated\">\n\t\t\t\t\t<div class=\"elementor-background-overlay\"><\/div>\n\t\t\t\t\t\t<div data-ka-cursor-size=\"1\" class=\"elementor-element elementor-element-7ef46d24 exad-sticky-section-no exad-glass-effect-no elementor-widget elementor-widget-heading\" data-id=\"7ef46d24\" data-element_type=\"widget\" data-settings=\"{&quot;kng_cursor_interaction&quot;:&quot;default&quot;,&quot;kng_cursor_magnetic&quot;:&quot;none&quot;,&quot;kng_cursor_size_multiplier&quot;:{&quot;unit&quot;:&quot;px&quot;,&quot;size&quot;:1,&quot;sizes&quot;:[]}}\" data-widget_type=\"heading.default\">\n\t\t\t\t\t<h2 class=\"elementor-heading-title elementor-size-default\">INSCREVA-SE NO DEMONSTRATIVO:<\/h2>\t\t\t\t<\/div>\n\t\t\t\t<div data-ka-cursor-size=\"1\" class=\"elementor-element elementor-element-5c4baeed exad-sticky-section-no exad-glass-effect-no elementor-widget elementor-widget-heading\" data-id=\"5c4baeed\" data-element_type=\"widget\" data-settings=\"{&quot;kng_cursor_interaction&quot;:&quot;default&quot;,&quot;kng_cursor_magnetic&quot;:&quot;none&quot;,&quot;kng_cursor_size_multiplier&quot;:{&quot;unit&quot;:&quot;px&quot;,&quot;size&quot;:1,&quot;sizes&quot;:[]}}\" data-widget_type=\"heading.default\">\n\t\t\t\t\t<h2 class=\"elementor-heading-title elementor-size-default\">Preencha o formul\u00e1rio abaixo para receber seu acesso: <\/h2>\t\t\t\t<\/div>\n\t\t\t\t<div data-ka-cursor-size=\"1\" class=\"elementor-element elementor-element-1401c0b exad-sticky-section-no exad-glass-effect-no elementor-widget elementor-widget-html\" data-id=\"1401c0b\" data-element_type=\"widget\" data-settings=\"{&quot;kng_cursor_interaction&quot;:&quot;default&quot;,&quot;kng_cursor_magnetic&quot;:&quot;none&quot;,&quot;kng_cursor_size_multiplier&quot;:{&quot;unit&quot;:&quot;px&quot;,&quot;size&quot;:1,&quot;sizes&quot;:[]}}\" data-widget_type=\"html.default\">\n\t\t\t\t\t<link href=\"\/\/fonts.googleapis.com\/css?family=Roboto:400,300,500,700,900\" rel=\"stylesheet\" type=\"text\/css\" \/>\r\n<link rel=\"stylesheet\" href=\"\/\/paginas.rocks\/Content\/capture\/forms\/form001.css\" \/>\r\n<!-- Formul\u00e1rio -->\r\n<form id=\"llCaptureForm\" class=\"llform001\"  action=\"\/\/paginas.rocks\/capture\" method=\"post\">\r\n   <input type=\"hidden\" id=\"mid\" name=\"mid\" value=\"522672\" \/>\r\n   <input type=\"hidden\" id=\"fid\" name=\"fid\" value=\"33895\" \/>\r\n   <div>\r\n       <label  for=\"llfield60298\">Celular<\/label>\r\n       <input type=\"tel\" id=\"llfield60298\" name=\"llfield60298\" placeholder=\"Celular\" \/>\r\n       <div class=\"field-error\" id=\"llerror60298\"><\/div>\r\n   <\/div>\r\n   <div>\r\n       <label  for=\"llfield60296\">E-mail<\/label>\r\n       <input type=\"email\" id=\"llfield60296\" name=\"llfield60296\" placeholder=\"Digite seu melhor e-mail\" data-required=\"true\" \/>\r\n       <div class=\"field-error\" id=\"llerror60296\"><\/div>\r\n   <\/div>\r\n   <div>\r\n       <label  for=\"llfield60297\">Nome<\/label>\r\n       <input type=\"text\" id=\"llfield60297\" name=\"llfield60297\" placeholder=\"Nome\" \/>\r\n       <div class=\"field-error\" id=\"llerror60297\"><\/div>\r\n   <\/div>\r\n   <div>\r\n       <label  for=\"llfield58845\">Profiss\u00e3o<\/label>\r\n       <select id=\"llfield58845\" name=\"llfield58845\">\r\n           <option value=\"\">Selecione sua profiss\u00e3o:<\/option>\r\n           <option value=\"F\u00edsica Nuclear\">F\u00edsica Nuclear<\/option>\r\n           <option value=\"Fisioterapia\">Fisioterapia<\/option>\r\n           <option value=\"Fonoaudiologia\">Fonoaudiologia<\/option>\r\n           <option value=\"Medicina\">Medicina<\/option>\r\n           <option value=\"Musicoterapia\">Musicoterapia<\/option>\r\n           <option value=\"Nutri\u00e7\u00e3o\">Nutri\u00e7\u00e3o<\/option>\r\n           <option value=\"Odontologia\">Odontologia<\/option>\r\n           <option value=\"Psicologia\">Psicologia<\/option>\r\n           <option value=\"Servi\u00e7o Social\">Servi\u00e7o Social<\/option>\r\n           <option value=\"Terapia Ocupacional\">Terapia Ocupacional<\/option>\r\n           <option value=\"Biomedicina\">Biomedicina<\/option>\r\n           <option value=\"Enfermagem\">Enfermagem<\/option>\r\n           <option value=\"Farmacia\">Farmacia<\/option>\r\n       <\/select>\r\n       <div class=\"field-error\" id=\"llerror58845\"><\/div>\r\n   <\/div>\r\n   <div class=\"button-bar\">\r\n       <button  type=\"submit\">Enviar<\/button>\r\n   <\/div>\r\n   <div class=\"loading-box\">\r\n       <img decoding=\"async\" src=\"\/\/paginas.rocks\/content\/images\/spinner.gif\" \/>\r\n       <div>loading...<\/div>\r\n   <\/div>\r\n   <div class=\"error-box\">\r\n       <img decoding=\"async\" src=\"\/\/paginas.rocks\/content\/images\/error-icon.png\" \/>\r\n       <div><\/div>\r\n       <button type=\"button\" class=\"btn\" id=\"btn-error\">Ok<\/button>\r\n   <\/div>\r\n   <img decoding=\"async\" src=\"https:\/\/llimages.com\/redirect\/redirect.aspx?A=V&f=33895&m=522672\" style=\"display: none;\" \/>\r\n<\/form>\r\n<script type=\"text\/javascript\" src=\"\/\/paginas.rocks\/scripts\/capture\/capture.js\"><\/script>\t\t\t\t<\/div>\n\t\t\t\t<div data-ka-cursor-size=\"1\" class=\"elementor-element elementor-element-e09b340 exad-sticky-section-no exad-glass-effect-no elementor-widget elementor-widget-heading\" data-id=\"e09b340\" data-element_type=\"widget\" data-settings=\"{&quot;kng_cursor_interaction&quot;:&quot;default&quot;,&quot;kng_cursor_magnetic&quot;:&quot;none&quot;,&quot;kng_cursor_size_multiplier&quot;:{&quot;unit&quot;:&quot;px&quot;,&quot;size&quot;:1,&quot;sizes&quot;:[]}}\" data-widget_type=\"heading.default\">\n\t\t\t\t\t<h2 class=\"elementor-heading-title elementor-size-default\">Confira o registro da p\u00f3s-gradua\u00e7\u00e3o no Emec:<\/h2>\t\t\t\t<\/div>\n\t\t\t\t<div data-ka-cursor-size=\"1\" class=\"elementor-element elementor-element-48c5c3e exad-sticky-section-no exad-glass-effect-no elementor-widget elementor-widget-image\" data-id=\"48c5c3e\" data-element_type=\"widget\" data-settings=\"{&quot;kng_cursor_interaction&quot;:&quot;default&quot;,&quot;kng_cursor_magnetic&quot;:&quot;none&quot;,&quot;kng_cursor_size_multiplier&quot;:{&quot;unit&quot;:&quot;px&quot;,&quot;size&quot;:1,&quot;sizes&quot;:[]}}\" data-widget_type=\"image.default\">\n\t\t\t\t\t\t\t\t\t\t\t\t<figure class=\"wp-caption\">\n\t\t\t\t\t\t\t\t\t\t\t<a href=\"https:\/\/emec.mec.gov.br\/emec\/consulta-cadastro\/detalhamento\/d96957f455f6405d14c6542552b0f6eb\/MjQ2Nzc=\/93916316abe23148507bd4c260e4b878\/MjIzMTIy\" target=\"_blank\">\n\t\t\t\t\t\t\t<img decoding=\"async\" width=\"500\" height=\"500\" src=\"https:\/\/vitalknowledge.com.br\/lp\/wp-content\/uploads\/2023\/04\/QRcode-Nutricao-oncologica.jpg\" class=\"attachment-large size-large wp-image-6614\" alt=\"\" srcset=\"https:\/\/vitalknowledge.com.br\/lp\/wp-content\/uploads\/2023\/04\/QRcode-Nutricao-oncologica.jpg 500w, https:\/\/vitalknowledge.com.br\/lp\/wp-content\/uploads\/2023\/04\/QRcode-Nutricao-oncologica-300x300.jpg 300w, https:\/\/vitalknowledge.com.br\/lp\/wp-content\/uploads\/2023\/04\/QRcode-Nutricao-oncologica-150x150.jpg 150w\" sizes=\"(max-width: 500px) 100vw, 500px\" \/>\t\t\t\t\t\t\t\t<\/a>\n\t\t\t\t\t\t\t\t\t\t\t<figcaption class=\"widget-image-caption wp-caption-text\">Leia o Qrcode ou clique na imagem<\/figcaption>\n\t\t\t\t\t\t\t\t\t\t<\/figure>\n\t\t\t\t\t\t\t\t\t<\/div>\n\t\t\t\t\t<\/div>\n\t\t<\/div>\n\t\t\t\t<div data-ka-cursor-size=\"1\" class=\"elementor-column elementor-col-50 elementor-top-column elementor-element elementor-element-33fa2fd9 exad-glass-effect-no exad-sticky-section-no\" data-id=\"33fa2fd9\" data-element_type=\"column\" data-settings=\"{&quot;background_background&quot;:&quot;classic&quot;,&quot;kng_cursor_interaction&quot;:&quot;default&quot;,&quot;kng_cursor_magnetic&quot;:&quot;none&quot;,&quot;kng_cursor_size_multiplier&quot;:{&quot;unit&quot;:&quot;px&quot;,&quot;size&quot;:1,&quot;sizes&quot;:[]}}\">\n\t\t\t<div class=\"elementor-widget-wrap elementor-element-populated\">\n\t\t\t\t\t<div class=\"elementor-background-overlay\"><\/div>\n\t\t\t\t\t\t<div data-ka-cursor-size=\"1\" class=\"elementor-element elementor-element-969a529 exad-sticky-section-no exad-glass-effect-no elementor-widget elementor-widget-heading\" data-id=\"969a529\" data-element_type=\"widget\" data-settings=\"{&quot;kng_cursor_interaction&quot;:&quot;default&quot;,&quot;kng_cursor_magnetic&quot;:&quot;none&quot;,&quot;kng_cursor_size_multiplier&quot;:{&quot;unit&quot;:&quot;px&quot;,&quot;size&quot;:1,&quot;sizes&quot;:[]}}\" data-widget_type=\"heading.default\">\n\t\t\t\t\t<h2 class=\"elementor-heading-title elementor-size-default\">Conhe\u00e7a como \u00e9 a melhor p\u00f3s-gradua\u00e7\u00e3o em nutri\u00e7\u00e3o oncol\u00f3gica que voc\u00ea vai encontrar!<\/h2>\t\t\t\t<\/div>\n\t\t\t\t<div data-ka-cursor-size=\"1\" class=\"elementor-element elementor-element-a8745a8 exad-sticky-section-no exad-glass-effect-no elementor-widget elementor-widget-heading\" data-id=\"a8745a8\" data-element_type=\"widget\" data-settings=\"{&quot;kng_cursor_interaction&quot;:&quot;default&quot;,&quot;kng_cursor_magnetic&quot;:&quot;none&quot;,&quot;kng_cursor_size_multiplier&quot;:{&quot;unit&quot;:&quot;px&quot;,&quot;size&quot;:1,&quot;sizes&quot;:[]}}\" data-widget_type=\"heading.default\">\n\t\t\t\t\t<h2 class=\"elementor-heading-title elementor-size-default\">100% EaD e com dezenas de professores especialistas no tema de sua aula.<\/h2>\t\t\t\t<\/div>\n\t\t\t\t<div data-ka-cursor-size=\"1\" class=\"elementor-element elementor-element-6e1e870 exad-sticky-section-no exad-glass-effect-no elementor-widget elementor-widget-image\" data-id=\"6e1e870\" data-element_type=\"widget\" data-settings=\"{&quot;kng_cursor_interaction&quot;:&quot;default&quot;,&quot;kng_cursor_magnetic&quot;:&quot;none&quot;,&quot;kng_cursor_size_multiplier&quot;:{&quot;unit&quot;:&quot;px&quot;,&quot;size&quot;:1,&quot;sizes&quot;:[]}}\" data-widget_type=\"image.default\">\n\t\t\t\t\t\t\t\t\t\t\t\t\t\t\t<img decoding=\"async\" width=\"1024\" height=\"576\" src=\"https:\/\/vitalknowledge.com.br\/lp\/wp-content\/uploads\/2021\/12\/demonstrativo-1024x576.jpg\" class=\"attachment-large size-large wp-image-2942\" alt=\"\" srcset=\"https:\/\/vitalknowledge.com.br\/lp\/wp-content\/uploads\/2021\/12\/demonstrativo-1024x576.jpg 1024w, https:\/\/vitalknowledge.com.br\/lp\/wp-content\/uploads\/2021\/12\/demonstrativo-300x169.jpg 300w, https:\/\/vitalknowledge.com.br\/lp\/wp-content\/uploads\/2021\/12\/demonstrativo-768x432.jpg 768w, https:\/\/vitalknowledge.com.br\/lp\/wp-content\/uploads\/2021\/12\/demonstrativo-1536x864.jpg 1536w, https:\/\/vitalknowledge.com.br\/lp\/wp-content\/uploads\/2021\/12\/demonstrativo-1200x675.jpg 1200w, https:\/\/vitalknowledge.com.br\/lp\/wp-content\/uploads\/2021\/12\/demonstrativo.jpg 1920w\" sizes=\"(max-width: 1024px) 100vw, 1024px\" \/>\t\t\t\t\t\t\t\t\t\t\t\t\t\t\t<\/div>\n\t\t\t\t<div data-ka-cursor-size=\"1\" class=\"elementor-element elementor-element-41e5c22 exad-sticky-section-no exad-glass-effect-no elementor-widget elementor-widget-heading\" data-id=\"41e5c22\" data-element_type=\"widget\" data-settings=\"{&quot;kng_cursor_interaction&quot;:&quot;default&quot;,&quot;kng_cursor_magnetic&quot;:&quot;none&quot;,&quot;kng_cursor_size_multiplier&quot;:{&quot;unit&quot;:&quot;px&quot;,&quot;size&quot;:1,&quot;sizes&quot;:[]}}\" data-widget_type=\"heading.default\">\n\t\t\t\t\t<h2 class=\"elementor-heading-title elementor-size-default\"><b>UM A CADA 5 PESSOAS VAI DESENVOLVER UM C\u00c2NCER NO MUNDO (SEGUNDO A OMS). <\/b><\/h2>\t\t\t\t<\/div>\n\t\t\t\t<div data-ka-cursor-size=\"1\" class=\"elementor-element elementor-element-ef1736a exad-sticky-section-no exad-glass-effect-no elementor-widget elementor-widget-heading\" data-id=\"ef1736a\" data-element_type=\"widget\" data-settings=\"{&quot;kng_cursor_interaction&quot;:&quot;default&quot;,&quot;kng_cursor_magnetic&quot;:&quot;none&quot;,&quot;kng_cursor_size_multiplier&quot;:{&quot;unit&quot;:&quot;px&quot;,&quot;size&quot;:1,&quot;sizes&quot;:[]}}\" data-widget_type=\"heading.default\">\n\t\t\t\t\t<h2 class=\"elementor-heading-title elementor-size-default\"><b>Voc\u00ea tem alguma d\u00favida que esta \u00e9 uma excelente \u00e1rea de atua\u00e7\u00e3o para o Nutricionista?<\/b><\/h2>\t\t\t\t<\/div>\n\t\t\t\t\t<\/div>\n\t\t<\/div>\n\t\t\t\t\t<\/div>\n\t\t<\/div>\n\t\t\t\t<div data-ka-cursor-size=\"1\" class=\"elementor-section elementor-top-section elementor-element elementor-element-264b294 elementor-section-height-min-height elementor-section-content-middle elementor-section-boxed elementor-section-height-default elementor-section-items-middle exad-glass-effect-no exad-sticky-section-no\" data-id=\"264b294\" data-element_type=\"section\" data-settings=\"{&quot;background_background&quot;:&quot;classic&quot;,&quot;kng_cursor_interaction&quot;:&quot;default&quot;,&quot;kng_cursor_magnetic&quot;:&quot;none&quot;,&quot;kng_cursor_size_multiplier&quot;:{&quot;unit&quot;:&quot;px&quot;,&quot;size&quot;:1,&quot;sizes&quot;:[]}}\">\n\t\t\t\t\t\t<div class=\"elementor-container elementor-column-gap-narrow\">\n\t\t\t\t\t<div data-ka-cursor-size=\"1\" class=\"elementor-column elementor-col-100 elementor-top-column elementor-element elementor-element-a682248 exad-glass-effect-no exad-sticky-section-no\" data-id=\"a682248\" data-element_type=\"column\" data-settings=\"{&quot;background_background&quot;:&quot;classic&quot;,&quot;kng_cursor_interaction&quot;:&quot;default&quot;,&quot;kng_cursor_magnetic&quot;:&quot;none&quot;,&quot;kng_cursor_size_multiplier&quot;:{&quot;unit&quot;:&quot;px&quot;,&quot;size&quot;:1,&quot;sizes&quot;:[]}}\">\n\t\t\t<div class=\"elementor-widget-wrap elementor-element-populated\">\n\t\t\t\t\t\t<div data-ka-cursor-size=\"1\" class=\"elementor-element elementor-element-808b8c0 exad-sticky-section-no exad-glass-effect-no elementor-widget elementor-widget-heading\" data-id=\"808b8c0\" data-element_type=\"widget\" data-settings=\"{&quot;kng_cursor_interaction&quot;:&quot;default&quot;,&quot;kng_cursor_magnetic&quot;:&quot;none&quot;,&quot;kng_cursor_size_multiplier&quot;:{&quot;unit&quot;:&quot;px&quot;,&quot;size&quot;:1,&quot;sizes&quot;:[]}}\" data-widget_type=\"heading.default\">\n\t\t\t\t\t<h2 class=\"elementor-heading-title elementor-size-default\">Copyright 2019 | Vital Knowledge<\/h2>\t\t\t\t<\/div>\n\t\t\t\t\t<\/div>\n\t\t<\/div>\n\t\t\t\t\t<\/div>\n\t\t<\/div>\n\t\t\t\t<\/div>\n\t\t","protected":false},"excerpt":{"rendered":"<p>P\u00f3s-gradua\u00e7\u00e3o EaD em Nutri\u00e7\u00e3o Oncol\u00f3gica Torne-se um NUTRICIONISTA ONCOL\u00d3GICO DE EXCEL\u00caNCIA! *** Reconhecida pelo MEC *** INSCREVA-SE NO DEMONSTRATIVO: Preencha o formul\u00e1rio abaixo para receber seu acesso: Celular E-mail Nome Profiss\u00e3o Selecione sua profiss\u00e3o:F\u00edsica NuclearFisioterapiaFonoaudiologiaMedicinaMusicoterapiaNutri\u00e7\u00e3oOdontologiaPsicologiaServi\u00e7o SocialTerapia OcupacionalBiomedicinaEnfermagemFarmacia Enviar loading&#8230; Ok Confira o registro da p\u00f3s-gradua\u00e7\u00e3o no Emec: Leia o Qrcode ou clique na imagem Conhe\u00e7a [&hellip;]<\/p>\n","protected":false},"author":1,"featured_media":0,"parent":0,"menu_order":0,"comment_status":"closed","ping_status":"closed","template":"elementor_canvas","meta":{"footnotes":""},"class_list":["post-21","page","type-page","status-publish","hentry","entry"],"_links":{"self":[{"href":"https:\/\/vitalknowledge.com.br\/lp\/wp-json\/wp\/v2\/pages\/21","targetHints":{"allow":["GET"]}}],"collection":[{"href":"https:\/\/vitalknowledge.com.br\/lp\/wp-json\/wp\/v2\/pages"}],"about":[{"href":"https:\/\/vitalknowledge.com.br\/lp\/wp-json\/wp\/v2\/types\/page"}],"author":[{"embeddable":true,"href":"https:\/\/vitalknowledge.com.br\/lp\/wp-json\/wp\/v2\/users\/1"}],"replies":[{"embeddable":true,"href":"https:\/\/vitalknowledge.com.br\/lp\/wp-json\/wp\/v2\/comments?post=21"}],"version-history":[{"count":0,"href":"https:\/\/vitalknowledge.com.br\/lp\/wp-json\/wp\/v2\/pages\/21\/revisions"}],"wp:attachment":[{"href":"https:\/\/vitalknowledge.com.br\/lp\/wp-json\/wp\/v2\/media?parent=21"}],"curies":[{"name":"wp","href":"https:\/\/api.w.org\/{rel}","templated":true}]}}